{"id":2518,"date":"2021-12-22T16:39:28","date_gmt":"2021-12-22T16:39:28","guid":{"rendered":"https:\/\/rimmdm.com\/new\/?page_id=2518"},"modified":"2022-01-14T13:39:56","modified_gmt":"2022-01-14T13:39:56","slug":"projets-3","status":"publish","type":"page","link":"https:\/\/anesp.mr\/fr\/projets-3\/","title":{"rendered":"Ma\u00eetrise d\u2019ouvrage d\u00e9l\u00e9gu\u00e9e"},"content":{"rendered":"<p><strong>Projets en Ma\u00eetrise d\u2019Ouvrage D\u00e9l\u00e9gu\u00e9e\u00a0:<\/strong><\/p>\n","protected":false},"excerpt":{"rendered":"<p>Projets en Ma\u00eetrise d\u2019Ouvrage D\u00e9l\u00e9gu\u00e9e\u00a0:<\/p>\n","protected":false},"author":7,"featured_media":0,"parent":0,"menu_order":0,"comment_status":"closed","ping_status":"closed","template":"","meta":{"footnotes":""},"class_list":["post-2518","page","type-page","status-publish","hentry"],"_links":{"self":[{"href":"https:\/\/anesp.mr\/fr\/wp-json\/wp\/v2\/pages\/2518","targetHints":{"allow":["GET"]}}],"collection":[{"href":"https:\/\/anesp.mr\/fr\/wp-json\/wp\/v2\/pages"}],"about":[{"href":"https:\/\/anesp.mr\/fr\/wp-json\/wp\/v2\/types\/page"}],"author":[{"embeddable":true,"href":"https:\/\/anesp.mr\/fr\/wp-json\/wp\/v2\/users\/7"}],"replies":[{"embeddable":true,"href":"https:\/\/anesp.mr\/fr\/wp-json\/wp\/v2\/comments?post=2518"}],"version-history":[{"count":0,"href":"https:\/\/anesp.mr\/fr\/wp-json\/wp\/v2\/pages\/2518\/revisions"}],"wp:attachment":[{"href":"https:\/\/anesp.mr\/fr\/wp-json\/wp\/v2\/media?parent=2518"}],"curies":[{"name":"wp","href":"https:\/\/api.w.org\/{rel}","templated":true}]}}