{"id":11,"date":"2021-09-18T10:28:44","date_gmt":"2021-09-18T10:28:44","guid":{"rendered":"https:\/\/uit.dhr.mybluehost.me\/fr\/?page_id=11"},"modified":"2021-10-15T09:36:34","modified_gmt":"2021-10-15T09:36:34","slug":"agence","status":"publish","type":"page","link":"https:\/\/anesp.mr\/fr\/agence\/","title":{"rendered":"Agence"},"content":{"rendered":"<div class=\"row\">\n<div class=\"row\">\n<h2 style=\"text-align: center;\"><strong>Pr\u00e9sentation de l\u2019ANESP<\/strong><\/h2>\n<\/div>\n<\/div>\n<div class=\"row  span8 offset2 \" >\n<h4>Cr\u00e9ation:<\/h4>\n<p style=\"text-align: left;\">La cr\u00e9ation en 2009 de l&rsquo;Agence Nationale pour les Etudes et le Suivi des Projets (ANESP), r\u00e9pondait \u00e0 une ferme volont\u00e9 politique, clairement affich\u00e9e par le Gouvernement de la R\u00e9publique Islamique de Mauritanie, de d\u00e9velopper et promouvoir un syst\u00e8me efficace pour la gestion\u00a0 et le suivi des programmes d\u2019investissement public en vue d\u2019atteindre les objectifs fix\u00e9es en mati\u00e8re de lutte contre la pauvret\u00e9, de d\u00e9veloppement des infrastructures de soutien \u00e0 la croissance et d\u2019acc\u00e8s des populations aux services de base.<\/p>\n<h4>Objectifs:<\/h4>\n<p style=\"text-align: left;\">L\u2019atteinte de ces objectifs n\u00e9cessite d\u2019am\u00e9liorer la qualit\u00e9 des \u00e9tudes, de donner une forte impulsion \u00e0 l&rsquo;ex\u00e9cution des projets publics et de r\u00e9duire les d\u00e9lais de r\u00e9alisation des \u00e9tudes et des travaux y aff\u00e9rents.<\/p>\n<h4>Missions:<\/h4>\n<p>\u00a0 \u00a0 \u00a0 \u00a0 \u00a0 \u00a0Pour cela, l\u2019ANESP a \u00e9t\u00e9 investie d\u2019une mission de conduite des \u00e9tudes, de supervision des projets et de leur suivi. Plus particuli\u00e8rement, elle est charg\u00e9e, en collaboration avec les diff\u00e9rents d\u00e9partements concern\u00e9s de :<\/p>\n<p>&#8211; \u00a0l&rsquo;initiation et le suivi de r\u00e9alisation des \u00e9tudes de faisabilit\u00e9 des projets publics qui lui seront confi\u00e9s\u00a0;<\/p>\n<p>&#8211; \u00a0l&rsquo;\u00e9valuation des co\u00fbts de ces projets, la pr\u00e9paration des cahiers des charges et de prescriptions techniques propres \u00e0 chaque projet ;<\/p>\n<p>&#8211; \u00a0le lancement des appels \u00e0 la concurrence\u00a0;<\/p>\n<p>&#8211; \u00a0le d\u00e9pouillement et l&rsquo;\u00e9valuation des offres ;<\/p>\n<p>&#8211; \u00a0la maitrise d&rsquo;ouvrage d\u00e9l\u00e9gu\u00e9e ;<\/p>\n<p>&#8211; \u00a0le suivi et le contr\u00f4le d&rsquo;ex\u00e9cution des travaux\u00a0;<\/p>\n<p>&#8211; \u00a0l&rsquo;organisation de la r\u00e9ception des ouvrages finis.<\/p>\n<p>&nbsp;<\/p>\n<p>\u00a0 \u00a0 \u00a0 \u00a0 \u00a0 \u00a0L\u2019Agence a \u00e9galement pour vocation d&rsquo;assurer l\u2019audit technique des projets publics ainsi que la gestion d&rsquo;une banque nationale de donn\u00e9es techniques, \u00e9conomiques et financi\u00e8res et la constitution d\u2019un fond documentaire sur l\u2019ensemble de projets publics qui lui seront confi\u00e9s.<\/p>\n<h4>champ d\u2019intervention:<\/h4>\n<p>Le champ d\u2019intervention de l\u2019ANESP est d\u00e9fini par une lettre de mission sign\u00e9e par Monsieur le Pr\u00e9sident de la R\u00e9publique, qui dresse la liste des projets confi\u00e9s \u00e0 l\u2019ANESP. Ce champ d\u2019intervention porte g\u00e9n\u00e9ralement sur\u00a0:<\/p>\n<ul>\n<li>Certains grands projets structurants pour le d\u00e9veloppement \u00e9conomique et social du pays\u00a0;<\/li>\n<li>Certains projets rev\u00eatant un int\u00e9r\u00eat strat\u00e9gique.<\/li>\n<\/ul>\n<p>&nbsp;<\/p>\n<p>\u00a0 \u00a0 \u00a0 \u00a0 \u00a0 \u00a0L\u2019ANESP est un \u00e9tablissement public \u00e0 caract\u00e8re industriel et commercial (EPIC),\u00a0 r\u00e9gie par un statut particulier qui lui conf\u00e8re la souplesse de gestion adapt\u00e9e \u00e0 l\u2019accomplissement de ses missions, son organisation est guid\u00e9e par des principes d\u2019op\u00e9rationnalit\u00e9, d\u2019efficacit\u00e9 et d\u2019efficience.<\/p>\n<p>&nbsp;<\/p>\n<\/div>\n","protected":false},"excerpt":{"rendered":"<p>Pr\u00e9sentation de l\u2019ANESP Cr\u00e9ation: La cr\u00e9ation en 2009 de l&rsquo;Agence Nationale pour les Etudes et le Suivi des Projets (ANESP), r\u00e9pondait \u00e0 une ferme volont\u00e9 politique, clairement affich\u00e9e par le Gouvernement de la R\u00e9publique Islamique de Mauritanie, de d\u00e9velopper et promouvoir un syst\u00e8me efficace pour la gestion\u00a0 et le suivi des programmes d\u2019investissement public en<\/p>\n","protected":false},"author":7,"featured_media":0,"parent":0,"menu_order":0,"comment_status":"closed","ping_status":"closed","template":"","meta":{"footnotes":""},"class_list":["post-11","page","type-page","status-publish","hentry"],"_links":{"self":[{"href":"https:\/\/anesp.mr\/fr\/wp-json\/wp\/v2\/pages\/11","targetHints":{"allow":["GET"]}}],"collection":[{"href":"https:\/\/anesp.mr\/fr\/wp-json\/wp\/v2\/pages"}],"about":[{"href":"https:\/\/anesp.mr\/fr\/wp-json\/wp\/v2\/types\/page"}],"author":[{"embeddable":true,"href":"https:\/\/anesp.mr\/fr\/wp-json\/wp\/v2\/users\/7"}],"replies":[{"embeddable":true,"href":"https:\/\/anesp.mr\/fr\/wp-json\/wp\/v2\/comments?post=11"}],"version-history":[{"count":0,"href":"https:\/\/anesp.mr\/fr\/wp-json\/wp\/v2\/pages\/11\/revisions"}],"wp:attachment":[{"href":"https:\/\/anesp.mr\/fr\/wp-json\/wp\/v2\/media?parent=11"}],"curies":[{"name":"wp","href":"https:\/\/api.w.org\/{rel}","templated":true}]}}